{"id":30,"date":"2025-08-30T16:40:04","date_gmt":"2025-08-30T14:40:04","guid":{"rendered":"https:\/\/www.stab-collard.be\/?page_id=30"},"modified":"2025-08-30T16:40:04","modified_gmt":"2025-08-30T14:40:04","slug":"contact-2","status":"publish","type":"page","link":"https:\/\/www.stab-collard.be\/index.php\/contact-2\/","title":{"rendered":"Contact"},"content":{"rendered":"\n<p>S.A. Bureau d\u2019Etudes en Stabilit\u00e9 et Techniques<\/p>\n\n\n\n<p>Fran\u00e7ois Collard, ing\u00e9nieur civil des constructions<\/p>\n\n\n\n<p>19, route de Philippeville, 5651 WALCOURT<\/p>\n\n\n\n<p>T\u00e9l.&nbsp;: 0470\/41 61 01 (lundi au samedi, de 10.00hrs \u00e0 17.00hrs)<\/p>\n\n\n\n<p>Mail&nbsp;: <a href=\"mailto:info@stab-collard.be\">info@stab-collard.be<\/a><\/p>\n\n\n\n<p>BCE&nbsp;Bureau d\u2019Etudes en Stabilit\u00e9 et Techniques sa : BE 0439 986 753<\/p>\n\n\n\n<p>BCE Fran\u00e7ois COLLARD&nbsp;: BE 0658 404 623<\/p>\n\n\n\n<p class=\"has-text-align-center\">Demander une offre sans engagement<\/p>\n","protected":false},"excerpt":{"rendered":"<p>S.A. Bureau d\u2019Etudes en Stabilit\u00e9 et Techniques Fran\u00e7ois Collard, ing\u00e9nieur civil des constructions 19, route de Philippeville, 5651 WALCOURT T\u00e9l.&nbsp;: 0470\/41 61 01 (lundi au samedi, de 10.00hrs \u00e0 17.00hrs) Mail&nbsp;: info@stab-collard.be BCE&nbsp;Bureau d\u2019Etudes en Stabilit\u00e9 et Techniques sa : BE 0439 986 753 BCE Fran\u00e7ois COLLARD&nbsp;: BE 0658 404 623 Demander une offre sans&hellip; <br \/> <a class=\"read-more\" href=\"https:\/\/www.stab-collard.be\/index.php\/contact-2\/\">Lire la suite<\/a><\/p>\n","protected":false},"author":2,"featured_media":0,"parent":0,"menu_order":0,"comment_status":"closed","ping_status":"closed","template":"","meta":{"footnotes":""},"class_list":["post-30","page","type-page","status-publish","hentry"],"yoast_head":"<!-- This site is optimized with the Yoast SEO plugin v27.4 - https:\/\/yoast.com\/product\/yoast-seo-wordpress\/ -->\n<title>Contact - Bureau d&#039;Etudes en Stabilit\u00e9 et Techniques SA<\/title>\n<meta name=\"robots\" content=\"index, follow, max-snippet:-1, max-image-preview:large, max-video-preview:-1\" \/>\n<link rel=\"canonical\" href=\"https:\/\/www.stab-collard.be\/index.php\/contact-2\/\" \/>\n<meta property=\"og:locale\" content=\"fr_FR\" \/>\n<meta property=\"og:type\" content=\"article\" \/>\n<meta property=\"og:title\" content=\"Contact - Bureau d&#039;Etudes en Stabilit\u00e9 et Techniques SA\" \/>\n<meta property=\"og:description\" content=\"S.A. Bureau d\u2019Etudes en Stabilit\u00e9 et Techniques Fran\u00e7ois Collard, ing\u00e9nieur civil des constructions 19, route de Philippeville, 5651 WALCOURT T\u00e9l.&nbsp;: 0470\/41 61 01 (lundi au samedi, de 10.00hrs \u00e0 17.00hrs) Mail&nbsp;: info@stab-collard.be BCE&nbsp;Bureau d\u2019Etudes en Stabilit\u00e9 et Techniques sa : BE 0439 986 753 BCE Fran\u00e7ois COLLARD&nbsp;: BE 0658 404 623 Demander une offre sans&hellip; Lire la suite\" \/>\n<meta property=\"og:url\" content=\"https:\/\/www.stab-collard.be\/index.php\/contact-2\/\" \/>\n<meta property=\"og:site_name\" content=\"Bureau d&#039;Etudes en Stabilit\u00e9 et Techniques SA\" \/>\n<meta name=\"twitter:card\" content=\"summary_large_image\" \/>\n<script type=\"application\/ld+json\" class=\"yoast-schema-graph\">{\"@context\":\"https:\\\/\\\/schema.org\",\"@graph\":[{\"@type\":\"WebPage\",\"@id\":\"https:\\\/\\\/www.stab-collard.be\\\/index.php\\\/contact-2\\\/\",\"url\":\"https:\\\/\\\/www.stab-collard.be\\\/index.php\\\/contact-2\\\/\",\"name\":\"Contact - Bureau d&#039;Etudes en Stabilit\u00e9 et Techniques SA\",\"isPartOf\":{\"@id\":\"https:\\\/\\\/www.stab-collard.be\\\/#website\"},\"datePublished\":\"2025-08-30T14:40:04+00:00\",\"breadcrumb\":{\"@id\":\"https:\\\/\\\/www.stab-collard.be\\\/index.php\\\/contact-2\\\/#breadcrumb\"},\"inLanguage\":\"fr-FR\",\"potentialAction\":[{\"@type\":\"ReadAction\",\"target\":[\"https:\\\/\\\/www.stab-collard.be\\\/index.php\\\/contact-2\\\/\"]}]},{\"@type\":\"BreadcrumbList\",\"@id\":\"https:\\\/\\\/www.stab-collard.be\\\/index.php\\\/contact-2\\\/#breadcrumb\",\"itemListElement\":[{\"@type\":\"ListItem\",\"position\":1,\"name\":\"Accueil\",\"item\":\"https:\\\/\\\/www.stab-collard.be\\\/\"},{\"@type\":\"ListItem\",\"position\":2,\"name\":\"Contact\"}]},{\"@type\":\"WebSite\",\"@id\":\"https:\\\/\\\/www.stab-collard.be\\\/#website\",\"url\":\"https:\\\/\\\/www.stab-collard.be\\\/\",\"name\":\"Bureau d&#039;Etudes en Stabilit\u00e9 et Techniques SA\",\"description\":\"Fran\u00e7ois Collard - Ing\u00e9nieur Civil\",\"publisher\":{\"@id\":\"https:\\\/\\\/www.stab-collard.be\\\/#organization\"},\"potentialAction\":[{\"@type\":\"SearchAction\",\"target\":{\"@type\":\"EntryPoint\",\"urlTemplate\":\"https:\\\/\\\/www.stab-collard.be\\\/?s={search_term_string}\"},\"query-input\":{\"@type\":\"PropertyValueSpecification\",\"valueRequired\":true,\"valueName\":\"search_term_string\"}}],\"inLanguage\":\"fr-FR\"},{\"@type\":\"Organization\",\"@id\":\"https:\\\/\\\/www.stab-collard.be\\\/#organization\",\"name\":\"Bureau d&#039;Etudes en Stabilit\u00e9 et Techniques SA\",\"url\":\"https:\\\/\\\/www.stab-collard.be\\\/\",\"logo\":{\"@type\":\"ImageObject\",\"inLanguage\":\"fr-FR\",\"@id\":\"https:\\\/\\\/www.stab-collard.be\\\/#\\\/schema\\\/logo\\\/image\\\/\",\"url\":\"https:\\\/\\\/www.stab-collard.be\\\/wp-content\\\/uploads\\\/2025\\\/10\\\/cropped-bureaustlogoblanc.png\",\"contentUrl\":\"https:\\\/\\\/www.stab-collard.be\\\/wp-content\\\/uploads\\\/2025\\\/10\\\/cropped-bureaustlogoblanc.png\",\"width\":512,\"height\":512,\"caption\":\"Bureau d&#039;Etudes en Stabilit\u00e9 et Techniques SA\"},\"image\":{\"@id\":\"https:\\\/\\\/www.stab-collard.be\\\/#\\\/schema\\\/logo\\\/image\\\/\"}}]}<\/script>\n<!-- \/ Yoast SEO plugin. -->","yoast_head_json":{"title":"Contact - Bureau d&#039;Etudes en Stabilit\u00e9 et Techniques SA","robots":{"index":"index","follow":"follow","max-snippet":"max-snippet:-1","max-image-preview":"max-image-preview:large","max-video-preview":"max-video-preview:-1"},"canonical":"https:\/\/www.stab-collard.be\/index.php\/contact-2\/","og_locale":"fr_FR","og_type":"article","og_title":"Contact - Bureau d&#039;Etudes en Stabilit\u00e9 et Techniques SA","og_description":"S.A. Bureau d\u2019Etudes en Stabilit\u00e9 et Techniques Fran\u00e7ois Collard, ing\u00e9nieur civil des constructions 19, route de Philippeville, 5651 WALCOURT T\u00e9l.&nbsp;: 0470\/41 61 01 (lundi au samedi, de 10.00hrs \u00e0 17.00hrs) Mail&nbsp;: info@stab-collard.be BCE&nbsp;Bureau d\u2019Etudes en Stabilit\u00e9 et Techniques sa : BE 0439 986 753 BCE Fran\u00e7ois COLLARD&nbsp;: BE 0658 404 623 Demander une offre sans&hellip; Lire la suite","og_url":"https:\/\/www.stab-collard.be\/index.php\/contact-2\/","og_site_name":"Bureau d&#039;Etudes en Stabilit\u00e9 et Techniques SA","twitter_card":"summary_large_image","schema":{"@context":"https:\/\/schema.org","@graph":[{"@type":"WebPage","@id":"https:\/\/www.stab-collard.be\/index.php\/contact-2\/","url":"https:\/\/www.stab-collard.be\/index.php\/contact-2\/","name":"Contact - Bureau d&#039;Etudes en Stabilit\u00e9 et Techniques SA","isPartOf":{"@id":"https:\/\/www.stab-collard.be\/#website"},"datePublished":"2025-08-30T14:40:04+00:00","breadcrumb":{"@id":"https:\/\/www.stab-collard.be\/index.php\/contact-2\/#breadcrumb"},"inLanguage":"fr-FR","potentialAction":[{"@type":"ReadAction","target":["https:\/\/www.stab-collard.be\/index.php\/contact-2\/"]}]},{"@type":"BreadcrumbList","@id":"https:\/\/www.stab-collard.be\/index.php\/contact-2\/#breadcrumb","itemListElement":[{"@type":"ListItem","position":1,"name":"Accueil","item":"https:\/\/www.stab-collard.be\/"},{"@type":"ListItem","position":2,"name":"Contact"}]},{"@type":"WebSite","@id":"https:\/\/www.stab-collard.be\/#website","url":"https:\/\/www.stab-collard.be\/","name":"Bureau d&#039;Etudes en Stabilit\u00e9 et Techniques SA","description":"Fran\u00e7ois Collard - Ing\u00e9nieur Civil","publisher":{"@id":"https:\/\/www.stab-collard.be\/#organization"},"potentialAction":[{"@type":"SearchAction","target":{"@type":"EntryPoint","urlTemplate":"https:\/\/www.stab-collard.be\/?s={search_term_string}"},"query-input":{"@type":"PropertyValueSpecification","valueRequired":true,"valueName":"search_term_string"}}],"inLanguage":"fr-FR"},{"@type":"Organization","@id":"https:\/\/www.stab-collard.be\/#organization","name":"Bureau d&#039;Etudes en Stabilit\u00e9 et Techniques SA","url":"https:\/\/www.stab-collard.be\/","logo":{"@type":"ImageObject","inLanguage":"fr-FR","@id":"https:\/\/www.stab-collard.be\/#\/schema\/logo\/image\/","url":"https:\/\/www.stab-collard.be\/wp-content\/uploads\/2025\/10\/cropped-bureaustlogoblanc.png","contentUrl":"https:\/\/www.stab-collard.be\/wp-content\/uploads\/2025\/10\/cropped-bureaustlogoblanc.png","width":512,"height":512,"caption":"Bureau d&#039;Etudes en Stabilit\u00e9 et Techniques SA"},"image":{"@id":"https:\/\/www.stab-collard.be\/#\/schema\/logo\/image\/"}}]}},"_links":{"self":[{"href":"https:\/\/www.stab-collard.be\/index.php\/wp-json\/wp\/v2\/pages\/30","targetHints":{"allow":["GET"]}}],"collection":[{"href":"https:\/\/www.stab-collard.be\/index.php\/wp-json\/wp\/v2\/pages"}],"about":[{"href":"https:\/\/www.stab-collard.be\/index.php\/wp-json\/wp\/v2\/types\/page"}],"author":[{"embeddable":true,"href":"https:\/\/www.stab-collard.be\/index.php\/wp-json\/wp\/v2\/users\/2"}],"replies":[{"embeddable":true,"href":"https:\/\/www.stab-collard.be\/index.php\/wp-json\/wp\/v2\/comments?post=30"}],"version-history":[{"count":1,"href":"https:\/\/www.stab-collard.be\/index.php\/wp-json\/wp\/v2\/pages\/30\/revisions"}],"predecessor-version":[{"id":31,"href":"https:\/\/www.stab-collard.be\/index.php\/wp-json\/wp\/v2\/pages\/30\/revisions\/31"}],"wp:attachment":[{"href":"https:\/\/www.stab-collard.be\/index.php\/wp-json\/wp\/v2\/media?parent=30"}],"curies":[{"name":"wp","href":"https:\/\/api.w.org\/{rel}","templated":true}]}}