{"id":28,"date":"2025-08-30T16:38:45","date_gmt":"2025-08-30T14:38:45","guid":{"rendered":"https:\/\/www.stab-collard.be\/?page_id=28"},"modified":"2025-08-30T16:38:45","modified_gmt":"2025-08-30T14:38:45","slug":"presentation","status":"publish","type":"page","link":"https:\/\/www.stab-collard.be\/index.php\/presentation\/","title":{"rendered":"Pr\u00e9sentation"},"content":{"rendered":"\n<p>J\u2019effectue personnellement toutes les missions qui nous sont confi\u00e9es.<\/p>\n\n\n\n<p>J\u2019ai fond\u00e9 ce bureau en 1990 et, pendant plus de 30 ans, j\u2019ai r\u00e9alis\u00e9 des \u00e9tudes de stabilit\u00e9 pour tous types de b\u00e2timents (habitations, appartements, \u00e9coles, commerce, bureaux, h\u00f4pitaux, maisons de repos,\u2026.) et de constructions (ponts, \u00e9cluses, g\u00e9nie civil industriel, \u2026) et j\u2019ai effectu\u00e9 le contr\u00f4le des travaux.<\/p>\n\n\n\n<p>Mon bureau a ainsi acquis des centaines de r\u00e9f\u00e9rences.<\/p>\n\n\n\n<p>C\u2019est fort de cette exp\u00e9rience que j\u2019ai recentr\u00e9, en mars 2025, mon activit\u00e9 sur les expertises techniques en stabilit\u00e9 des b\u00e2timents.<\/p>\n\n\n\n<p>C\u2019est ma seule occupation, ce qui me permet de proposer une intervention efficace et des d\u00e9lais serr\u00e9s.<\/p>\n\n\n\n<p>Je suis ind\u00e9pendant de toute entreprise de travaux, compagnie d\u2019assurances, banque ou organisme public ou priv\u00e9.<\/p>\n\n\n\n<p>Mes missions sont couvertes par une assurance \u00ab&nbsp;responsabilit\u00e9 civile&nbsp;\u00bb et, dans les conditions l\u00e9gales, par une garantie d\u00e9cennale (type loi Peeters\/Borsu).<\/p>\n","protected":false},"excerpt":{"rendered":"<p>J\u2019effectue personnellement toutes les missions qui nous sont confi\u00e9es. J\u2019ai fond\u00e9 ce bureau en 1990 et, pendant plus de 30 ans, j\u2019ai r\u00e9alis\u00e9 des \u00e9tudes de stabilit\u00e9 pour tous types de b\u00e2timents (habitations, appartements, \u00e9coles, commerce, bureaux, h\u00f4pitaux, maisons de repos,\u2026.) et de constructions (ponts, \u00e9cluses, g\u00e9nie civil industriel, \u2026) et j\u2019ai effectu\u00e9 le contr\u00f4le&hellip; <br \/> <a class=\"read-more\" href=\"https:\/\/www.stab-collard.be\/index.php\/presentation\/\">Lire la suite<\/a><\/p>\n","protected":false},"author":2,"featured_media":0,"parent":0,"menu_order":0,"comment_status":"closed","ping_status":"closed","template":"","meta":{"footnotes":""},"class_list":["post-28","page","type-page","status-publish","hentry"],"yoast_head":"<!-- This site is optimized with the Yoast SEO plugin v27.4 - https:\/\/yoast.com\/product\/yoast-seo-wordpress\/ -->\n<title>Pr\u00e9sentation - Bureau d&#039;Etudes en Stabilit\u00e9 et Techniques SA<\/title>\n<meta name=\"robots\" content=\"index, follow, max-snippet:-1, max-image-preview:large, max-video-preview:-1\" \/>\n<link rel=\"canonical\" href=\"https:\/\/www.stab-collard.be\/index.php\/presentation\/\" \/>\n<meta property=\"og:locale\" content=\"fr_FR\" \/>\n<meta property=\"og:type\" content=\"article\" \/>\n<meta property=\"og:title\" content=\"Pr\u00e9sentation - Bureau d&#039;Etudes en Stabilit\u00e9 et Techniques SA\" \/>\n<meta property=\"og:description\" content=\"J\u2019effectue personnellement toutes les missions qui nous sont confi\u00e9es. J\u2019ai fond\u00e9 ce bureau en 1990 et, pendant plus de 30 ans, j\u2019ai r\u00e9alis\u00e9 des \u00e9tudes de stabilit\u00e9 pour tous types de b\u00e2timents (habitations, appartements, \u00e9coles, commerce, bureaux, h\u00f4pitaux, maisons de repos,\u2026.) et de constructions (ponts, \u00e9cluses, g\u00e9nie civil industriel, \u2026) et j\u2019ai effectu\u00e9 le contr\u00f4le&hellip; Lire la suite\" \/>\n<meta property=\"og:url\" content=\"https:\/\/www.stab-collard.be\/index.php\/presentation\/\" \/>\n<meta property=\"og:site_name\" content=\"Bureau d&#039;Etudes en Stabilit\u00e9 et Techniques SA\" \/>\n<meta name=\"twitter:card\" content=\"summary_large_image\" \/>\n<meta name=\"twitter:label1\" content=\"Dur\u00e9e de lecture estim\u00e9e\" \/>\n\t<meta name=\"twitter:data1\" content=\"1 minute\" \/>\n<script type=\"application\/ld+json\" class=\"yoast-schema-graph\">{\"@context\":\"https:\\\/\\\/schema.org\",\"@graph\":[{\"@type\":\"WebPage\",\"@id\":\"https:\\\/\\\/www.stab-collard.be\\\/index.php\\\/presentation\\\/\",\"url\":\"https:\\\/\\\/www.stab-collard.be\\\/index.php\\\/presentation\\\/\",\"name\":\"Pr\u00e9sentation - Bureau d&#039;Etudes en Stabilit\u00e9 et Techniques SA\",\"isPartOf\":{\"@id\":\"https:\\\/\\\/www.stab-collard.be\\\/#website\"},\"datePublished\":\"2025-08-30T14:38:45+00:00\",\"breadcrumb\":{\"@id\":\"https:\\\/\\\/www.stab-collard.be\\\/index.php\\\/presentation\\\/#breadcrumb\"},\"inLanguage\":\"fr-FR\",\"potentialAction\":[{\"@type\":\"ReadAction\",\"target\":[\"https:\\\/\\\/www.stab-collard.be\\\/index.php\\\/presentation\\\/\"]}]},{\"@type\":\"BreadcrumbList\",\"@id\":\"https:\\\/\\\/www.stab-collard.be\\\/index.php\\\/presentation\\\/#breadcrumb\",\"itemListElement\":[{\"@type\":\"ListItem\",\"position\":1,\"name\":\"Accueil\",\"item\":\"https:\\\/\\\/www.stab-collard.be\\\/\"},{\"@type\":\"ListItem\",\"position\":2,\"name\":\"Pr\u00e9sentation\"}]},{\"@type\":\"WebSite\",\"@id\":\"https:\\\/\\\/www.stab-collard.be\\\/#website\",\"url\":\"https:\\\/\\\/www.stab-collard.be\\\/\",\"name\":\"Bureau d&#039;Etudes en Stabilit\u00e9 et Techniques SA\",\"description\":\"Fran\u00e7ois Collard - Ing\u00e9nieur Civil\",\"publisher\":{\"@id\":\"https:\\\/\\\/www.stab-collard.be\\\/#organization\"},\"potentialAction\":[{\"@type\":\"SearchAction\",\"target\":{\"@type\":\"EntryPoint\",\"urlTemplate\":\"https:\\\/\\\/www.stab-collard.be\\\/?s={search_term_string}\"},\"query-input\":{\"@type\":\"PropertyValueSpecification\",\"valueRequired\":true,\"valueName\":\"search_term_string\"}}],\"inLanguage\":\"fr-FR\"},{\"@type\":\"Organization\",\"@id\":\"https:\\\/\\\/www.stab-collard.be\\\/#organization\",\"name\":\"Bureau d&#039;Etudes en Stabilit\u00e9 et Techniques SA\",\"url\":\"https:\\\/\\\/www.stab-collard.be\\\/\",\"logo\":{\"@type\":\"ImageObject\",\"inLanguage\":\"fr-FR\",\"@id\":\"https:\\\/\\\/www.stab-collard.be\\\/#\\\/schema\\\/logo\\\/image\\\/\",\"url\":\"https:\\\/\\\/www.stab-collard.be\\\/wp-content\\\/uploads\\\/2025\\\/10\\\/cropped-bureaustlogoblanc.png\",\"contentUrl\":\"https:\\\/\\\/www.stab-collard.be\\\/wp-content\\\/uploads\\\/2025\\\/10\\\/cropped-bureaustlogoblanc.png\",\"width\":512,\"height\":512,\"caption\":\"Bureau d&#039;Etudes en Stabilit\u00e9 et Techniques SA\"},\"image\":{\"@id\":\"https:\\\/\\\/www.stab-collard.be\\\/#\\\/schema\\\/logo\\\/image\\\/\"}}]}<\/script>\n<!-- \/ Yoast SEO plugin. -->","yoast_head_json":{"title":"Pr\u00e9sentation - Bureau d&#039;Etudes en Stabilit\u00e9 et Techniques SA","robots":{"index":"index","follow":"follow","max-snippet":"max-snippet:-1","max-image-preview":"max-image-preview:large","max-video-preview":"max-video-preview:-1"},"canonical":"https:\/\/www.stab-collard.be\/index.php\/presentation\/","og_locale":"fr_FR","og_type":"article","og_title":"Pr\u00e9sentation - Bureau d&#039;Etudes en Stabilit\u00e9 et Techniques SA","og_description":"J\u2019effectue personnellement toutes les missions qui nous sont confi\u00e9es. J\u2019ai fond\u00e9 ce bureau en 1990 et, pendant plus de 30 ans, j\u2019ai r\u00e9alis\u00e9 des \u00e9tudes de stabilit\u00e9 pour tous types de b\u00e2timents (habitations, appartements, \u00e9coles, commerce, bureaux, h\u00f4pitaux, maisons de repos,\u2026.) et de constructions (ponts, \u00e9cluses, g\u00e9nie civil industriel, \u2026) et j\u2019ai effectu\u00e9 le contr\u00f4le&hellip; Lire la suite","og_url":"https:\/\/www.stab-collard.be\/index.php\/presentation\/","og_site_name":"Bureau d&#039;Etudes en Stabilit\u00e9 et Techniques SA","twitter_card":"summary_large_image","twitter_misc":{"Dur\u00e9e de lecture estim\u00e9e":"1 minute"},"schema":{"@context":"https:\/\/schema.org","@graph":[{"@type":"WebPage","@id":"https:\/\/www.stab-collard.be\/index.php\/presentation\/","url":"https:\/\/www.stab-collard.be\/index.php\/presentation\/","name":"Pr\u00e9sentation - Bureau d&#039;Etudes en Stabilit\u00e9 et Techniques SA","isPartOf":{"@id":"https:\/\/www.stab-collard.be\/#website"},"datePublished":"2025-08-30T14:38:45+00:00","breadcrumb":{"@id":"https:\/\/www.stab-collard.be\/index.php\/presentation\/#breadcrumb"},"inLanguage":"fr-FR","potentialAction":[{"@type":"ReadAction","target":["https:\/\/www.stab-collard.be\/index.php\/presentation\/"]}]},{"@type":"BreadcrumbList","@id":"https:\/\/www.stab-collard.be\/index.php\/presentation\/#breadcrumb","itemListElement":[{"@type":"ListItem","position":1,"name":"Accueil","item":"https:\/\/www.stab-collard.be\/"},{"@type":"ListItem","position":2,"name":"Pr\u00e9sentation"}]},{"@type":"WebSite","@id":"https:\/\/www.stab-collard.be\/#website","url":"https:\/\/www.stab-collard.be\/","name":"Bureau d&#039;Etudes en Stabilit\u00e9 et Techniques SA","description":"Fran\u00e7ois Collard - Ing\u00e9nieur Civil","publisher":{"@id":"https:\/\/www.stab-collard.be\/#organization"},"potentialAction":[{"@type":"SearchAction","target":{"@type":"EntryPoint","urlTemplate":"https:\/\/www.stab-collard.be\/?s={search_term_string}"},"query-input":{"@type":"PropertyValueSpecification","valueRequired":true,"valueName":"search_term_string"}}],"inLanguage":"fr-FR"},{"@type":"Organization","@id":"https:\/\/www.stab-collard.be\/#organization","name":"Bureau d&#039;Etudes en Stabilit\u00e9 et Techniques SA","url":"https:\/\/www.stab-collard.be\/","logo":{"@type":"ImageObject","inLanguage":"fr-FR","@id":"https:\/\/www.stab-collard.be\/#\/schema\/logo\/image\/","url":"https:\/\/www.stab-collard.be\/wp-content\/uploads\/2025\/10\/cropped-bureaustlogoblanc.png","contentUrl":"https:\/\/www.stab-collard.be\/wp-content\/uploads\/2025\/10\/cropped-bureaustlogoblanc.png","width":512,"height":512,"caption":"Bureau d&#039;Etudes en Stabilit\u00e9 et Techniques SA"},"image":{"@id":"https:\/\/www.stab-collard.be\/#\/schema\/logo\/image\/"}}]}},"_links":{"self":[{"href":"https:\/\/www.stab-collard.be\/index.php\/wp-json\/wp\/v2\/pages\/28","targetHints":{"allow":["GET"]}}],"collection":[{"href":"https:\/\/www.stab-collard.be\/index.php\/wp-json\/wp\/v2\/pages"}],"about":[{"href":"https:\/\/www.stab-collard.be\/index.php\/wp-json\/wp\/v2\/types\/page"}],"author":[{"embeddable":true,"href":"https:\/\/www.stab-collard.be\/index.php\/wp-json\/wp\/v2\/users\/2"}],"replies":[{"embeddable":true,"href":"https:\/\/www.stab-collard.be\/index.php\/wp-json\/wp\/v2\/comments?post=28"}],"version-history":[{"count":1,"href":"https:\/\/www.stab-collard.be\/index.php\/wp-json\/wp\/v2\/pages\/28\/revisions"}],"predecessor-version":[{"id":29,"href":"https:\/\/www.stab-collard.be\/index.php\/wp-json\/wp\/v2\/pages\/28\/revisions\/29"}],"wp:attachment":[{"href":"https:\/\/www.stab-collard.be\/index.php\/wp-json\/wp\/v2\/media?parent=28"}],"curies":[{"name":"wp","href":"https:\/\/api.w.org\/{rel}","templated":true}]}}