{"id":22,"date":"2025-08-30T16:34:59","date_gmt":"2025-08-30T14:34:59","guid":{"rendered":"https:\/\/www.stab-collard.be\/?page_id=22"},"modified":"2025-12-09T16:30:29","modified_gmt":"2025-12-09T15:30:29","slug":"services-proposes","status":"publish","type":"page","link":"https:\/\/www.stab-collard.be\/index.php\/services-proposes\/","title":{"rendered":"Services propos\u00e9s"},"content":{"rendered":"\n<p>GAMME DE SERVICES QUE NOUS PROPOSONS<\/p>\n\n\n\n<ul class=\"wp-block-list\">\n<li>Services de conseil technique pour toutes les questions qui concernent des d\u00e9sordres (probl\u00e8mes de stabilit\u00e9) survenant dans des constructions existantes&nbsp;:<ul><li>Apparition de fissures dans les sols et\/ou les murs,<\/li><\/ul><ul><li>Affaissement de charpentes, de planchers ou de voussettes,<\/li><\/ul><ul><li>Tassement des fondations,<\/li><\/ul>\n<ul class=\"wp-block-list\">\n<li>&nbsp;\u2026.<\/li>\n<\/ul>\n<\/li>\n\n\n\n<li>Si vous transformez ou r\u00e9novez un b\u00e2timent existant, remise d\u2019un avis technique sur la faisabilit\u00e9 (\u00e9tude de faisabilit\u00e9) de vos travaux&nbsp;:<ul><li>D\u00e9molition des murs int\u00e9rieurs,<\/li><\/ul><ul><li>Cr\u00e9ation d\u2019ouvertures dans les murs ou fa\u00e7ades,<\/li><\/ul><ul><li>Modification des charpentes,<\/li><\/ul><ul><li>Placement de poutres,<\/li><\/ul>\n<ul class=\"wp-block-list\">\n<li>\u2026<\/li>\n<\/ul>\n<\/li>\n\n\n\n<li>Diagnostic de la stabilit\u00e9 des b\u00e2timents pour :<ul><li>Confirmer un achat de maison ou d\u2019appartement,<\/li><\/ul><ul><li>Valider une demande de prime (salubrit\u00e9 du b\u00e2timent),<\/li><\/ul><ul><li>Bilan apr\u00e8s sinistre (incendie, effondrement, choc de v\u00e9hicule ou d\u2019arbre,\u2026),<\/li><\/ul>\n<ul class=\"wp-block-list\">\n<li>\u2026<\/li>\n<\/ul>\n<\/li>\n\n\n\n<li>Tous rapports techniques pour les compagnies d\u2019assurances en cas de sinistre impliquant la stabilit\u00e9 du b\u00e2timent ou de ses fondations.<\/li>\n<\/ul>\n\n\n\n<p>MARCHE A SUIVRE<\/p>\n\n\n\n<ol class=\"wp-block-list\">\n<li>Faites une demande d\u2019offre via notre Formulaire de contact<\/li>\n<\/ol>\n\n\n\n<p>Votre demande ne vous engage \u00e0 rien.<\/p>\n\n\n\n<ul class=\"wp-block-list\">\n<li>Vous recevez gratuitement par mail, dans les 72 heures, un devis adapt\u00e9 \u00e0 votre probl\u00e8me\/demande.<\/li>\n<\/ul>\n\n\n\n<p>Le devis comprend une <em>offre forfait<\/em>aire et le <em>d\u00e9lai d\u2019intervention ferme<\/em>.<\/p>\n\n\n\n<ul class=\"wp-block-list\">\n<li>Vous \u00eates d\u2019accord avec le devis&nbsp;? Renvoyez-le nous sign\u00e9 (par mail par exemple).<\/li>\n<\/ul>\n\n\n\n<ul class=\"wp-block-list\">\n<li>A la r\u00e9ception de votre commande, nous convenons avec vous d\u2019une date pour la visite de votre b\u00e2timent.<\/li>\n<\/ul>\n\n\n\n<ul class=\"wp-block-list\">\n<li>Lors de cette visite, nous analysons votre probl\u00e8me et, dans la plupart des cas, nous pouvons vous donner directement en fin de visite un avis technique, sans autre \u00e9tude ni investigation (dans certains cas, une analyse plus approfondie peut \u00eatre n\u00e9cessaire).<\/li>\n<\/ul>\n\n\n\n<ul class=\"wp-block-list\">\n<li>Dans les 4 jours ouvrables, nous vous envoyons ensuite par mail un r\u00e9sum\u00e9 succinct de notre entretien et de notre avis.<\/li>\n<\/ul>\n\n\n\n<ul class=\"wp-block-list\">\n<li>En option (suppl\u00e9ment forfaitaire), nous pouvons \u00e9tablir dans les 8 jours un rapport complet et d\u00e9taill\u00e9 (par exemple si votre assureur le demande, \u2026).<\/li>\n<\/ul>\n","protected":false},"excerpt":{"rendered":"<p>GAMME DE SERVICES QUE NOUS PROPOSONS MARCHE A SUIVRE Votre demande ne vous engage \u00e0 rien. Le devis comprend une offre forfaitaire et le d\u00e9lai d\u2019intervention ferme.<\/p>\n","protected":false},"author":2,"featured_media":0,"parent":0,"menu_order":0,"comment_status":"closed","ping_status":"closed","template":"","meta":{"footnotes":""},"class_list":["post-22","page","type-page","status-publish","hentry"],"yoast_head":"<!-- This site is optimized with the Yoast SEO plugin v27.4 - https:\/\/yoast.com\/product\/yoast-seo-wordpress\/ -->\n<title>Services propos\u00e9s - Bureau d&#039;Etudes en Stabilit\u00e9 et Techniques SA<\/title>\n<meta name=\"robots\" content=\"index, follow, max-snippet:-1, max-image-preview:large, max-video-preview:-1\" \/>\n<link rel=\"canonical\" href=\"https:\/\/www.stab-collard.be\/index.php\/services-proposes\/\" \/>\n<meta property=\"og:locale\" content=\"fr_FR\" \/>\n<meta property=\"og:type\" content=\"article\" \/>\n<meta property=\"og:title\" content=\"Services propos\u00e9s - Bureau d&#039;Etudes en Stabilit\u00e9 et Techniques SA\" \/>\n<meta property=\"og:description\" content=\"GAMME DE SERVICES QUE NOUS PROPOSONS MARCHE A SUIVRE Votre demande ne vous engage \u00e0 rien. Le devis comprend une offre forfaitaire et le d\u00e9lai d\u2019intervention ferme.\" \/>\n<meta property=\"og:url\" content=\"https:\/\/www.stab-collard.be\/index.php\/services-proposes\/\" \/>\n<meta property=\"og:site_name\" content=\"Bureau d&#039;Etudes en Stabilit\u00e9 et Techniques SA\" \/>\n<meta property=\"article:modified_time\" content=\"2025-12-09T15:30:29+00:00\" \/>\n<meta name=\"twitter:card\" content=\"summary_large_image\" \/>\n<meta name=\"twitter:label1\" content=\"Dur\u00e9e de lecture estim\u00e9e\" \/>\n\t<meta name=\"twitter:data1\" content=\"2 minutes\" \/>\n<script type=\"application\/ld+json\" class=\"yoast-schema-graph\">{\"@context\":\"https:\\\/\\\/schema.org\",\"@graph\":[{\"@type\":\"WebPage\",\"@id\":\"https:\\\/\\\/www.stab-collard.be\\\/index.php\\\/services-proposes\\\/\",\"url\":\"https:\\\/\\\/www.stab-collard.be\\\/index.php\\\/services-proposes\\\/\",\"name\":\"Services propos\u00e9s - Bureau d&#039;Etudes en Stabilit\u00e9 et Techniques SA\",\"isPartOf\":{\"@id\":\"https:\\\/\\\/www.stab-collard.be\\\/#website\"},\"datePublished\":\"2025-08-30T14:34:59+00:00\",\"dateModified\":\"2025-12-09T15:30:29+00:00\",\"breadcrumb\":{\"@id\":\"https:\\\/\\\/www.stab-collard.be\\\/index.php\\\/services-proposes\\\/#breadcrumb\"},\"inLanguage\":\"fr-FR\",\"potentialAction\":[{\"@type\":\"ReadAction\",\"target\":[\"https:\\\/\\\/www.stab-collard.be\\\/index.php\\\/services-proposes\\\/\"]}]},{\"@type\":\"BreadcrumbList\",\"@id\":\"https:\\\/\\\/www.stab-collard.be\\\/index.php\\\/services-proposes\\\/#breadcrumb\",\"itemListElement\":[{\"@type\":\"ListItem\",\"position\":1,\"name\":\"Accueil\",\"item\":\"https:\\\/\\\/www.stab-collard.be\\\/\"},{\"@type\":\"ListItem\",\"position\":2,\"name\":\"Services propos\u00e9s\"}]},{\"@type\":\"WebSite\",\"@id\":\"https:\\\/\\\/www.stab-collard.be\\\/#website\",\"url\":\"https:\\\/\\\/www.stab-collard.be\\\/\",\"name\":\"Bureau d&#039;Etudes en Stabilit\u00e9 et Techniques SA\",\"description\":\"Fran\u00e7ois Collard - Ing\u00e9nieur Civil\",\"publisher\":{\"@id\":\"https:\\\/\\\/www.stab-collard.be\\\/#organization\"},\"potentialAction\":[{\"@type\":\"SearchAction\",\"target\":{\"@type\":\"EntryPoint\",\"urlTemplate\":\"https:\\\/\\\/www.stab-collard.be\\\/?s={search_term_string}\"},\"query-input\":{\"@type\":\"PropertyValueSpecification\",\"valueRequired\":true,\"valueName\":\"search_term_string\"}}],\"inLanguage\":\"fr-FR\"},{\"@type\":\"Organization\",\"@id\":\"https:\\\/\\\/www.stab-collard.be\\\/#organization\",\"name\":\"Bureau d&#039;Etudes en Stabilit\u00e9 et Techniques SA\",\"url\":\"https:\\\/\\\/www.stab-collard.be\\\/\",\"logo\":{\"@type\":\"ImageObject\",\"inLanguage\":\"fr-FR\",\"@id\":\"https:\\\/\\\/www.stab-collard.be\\\/#\\\/schema\\\/logo\\\/image\\\/\",\"url\":\"https:\\\/\\\/www.stab-collard.be\\\/wp-content\\\/uploads\\\/2025\\\/10\\\/cropped-bureaustlogoblanc.png\",\"contentUrl\":\"https:\\\/\\\/www.stab-collard.be\\\/wp-content\\\/uploads\\\/2025\\\/10\\\/cropped-bureaustlogoblanc.png\",\"width\":512,\"height\":512,\"caption\":\"Bureau d&#039;Etudes en Stabilit\u00e9 et Techniques SA\"},\"image\":{\"@id\":\"https:\\\/\\\/www.stab-collard.be\\\/#\\\/schema\\\/logo\\\/image\\\/\"}}]}<\/script>\n<!-- \/ Yoast SEO plugin. -->","yoast_head_json":{"title":"Services propos\u00e9s - Bureau d&#039;Etudes en Stabilit\u00e9 et Techniques SA","robots":{"index":"index","follow":"follow","max-snippet":"max-snippet:-1","max-image-preview":"max-image-preview:large","max-video-preview":"max-video-preview:-1"},"canonical":"https:\/\/www.stab-collard.be\/index.php\/services-proposes\/","og_locale":"fr_FR","og_type":"article","og_title":"Services propos\u00e9s - Bureau d&#039;Etudes en Stabilit\u00e9 et Techniques SA","og_description":"GAMME DE SERVICES QUE NOUS PROPOSONS MARCHE A SUIVRE Votre demande ne vous engage \u00e0 rien. Le devis comprend une offre forfaitaire et le d\u00e9lai d\u2019intervention ferme.","og_url":"https:\/\/www.stab-collard.be\/index.php\/services-proposes\/","og_site_name":"Bureau d&#039;Etudes en Stabilit\u00e9 et Techniques SA","article_modified_time":"2025-12-09T15:30:29+00:00","twitter_card":"summary_large_image","twitter_misc":{"Dur\u00e9e de lecture estim\u00e9e":"2 minutes"},"schema":{"@context":"https:\/\/schema.org","@graph":[{"@type":"WebPage","@id":"https:\/\/www.stab-collard.be\/index.php\/services-proposes\/","url":"https:\/\/www.stab-collard.be\/index.php\/services-proposes\/","name":"Services propos\u00e9s - Bureau d&#039;Etudes en Stabilit\u00e9 et Techniques SA","isPartOf":{"@id":"https:\/\/www.stab-collard.be\/#website"},"datePublished":"2025-08-30T14:34:59+00:00","dateModified":"2025-12-09T15:30:29+00:00","breadcrumb":{"@id":"https:\/\/www.stab-collard.be\/index.php\/services-proposes\/#breadcrumb"},"inLanguage":"fr-FR","potentialAction":[{"@type":"ReadAction","target":["https:\/\/www.stab-collard.be\/index.php\/services-proposes\/"]}]},{"@type":"BreadcrumbList","@id":"https:\/\/www.stab-collard.be\/index.php\/services-proposes\/#breadcrumb","itemListElement":[{"@type":"ListItem","position":1,"name":"Accueil","item":"https:\/\/www.stab-collard.be\/"},{"@type":"ListItem","position":2,"name":"Services propos\u00e9s"}]},{"@type":"WebSite","@id":"https:\/\/www.stab-collard.be\/#website","url":"https:\/\/www.stab-collard.be\/","name":"Bureau d&#039;Etudes en Stabilit\u00e9 et Techniques SA","description":"Fran\u00e7ois Collard - Ing\u00e9nieur Civil","publisher":{"@id":"https:\/\/www.stab-collard.be\/#organization"},"potentialAction":[{"@type":"SearchAction","target":{"@type":"EntryPoint","urlTemplate":"https:\/\/www.stab-collard.be\/?s={search_term_string}"},"query-input":{"@type":"PropertyValueSpecification","valueRequired":true,"valueName":"search_term_string"}}],"inLanguage":"fr-FR"},{"@type":"Organization","@id":"https:\/\/www.stab-collard.be\/#organization","name":"Bureau d&#039;Etudes en Stabilit\u00e9 et Techniques SA","url":"https:\/\/www.stab-collard.be\/","logo":{"@type":"ImageObject","inLanguage":"fr-FR","@id":"https:\/\/www.stab-collard.be\/#\/schema\/logo\/image\/","url":"https:\/\/www.stab-collard.be\/wp-content\/uploads\/2025\/10\/cropped-bureaustlogoblanc.png","contentUrl":"https:\/\/www.stab-collard.be\/wp-content\/uploads\/2025\/10\/cropped-bureaustlogoblanc.png","width":512,"height":512,"caption":"Bureau d&#039;Etudes en Stabilit\u00e9 et Techniques SA"},"image":{"@id":"https:\/\/www.stab-collard.be\/#\/schema\/logo\/image\/"}}]}},"_links":{"self":[{"href":"https:\/\/www.stab-collard.be\/index.php\/wp-json\/wp\/v2\/pages\/22","targetHints":{"allow":["GET"]}}],"collection":[{"href":"https:\/\/www.stab-collard.be\/index.php\/wp-json\/wp\/v2\/pages"}],"about":[{"href":"https:\/\/www.stab-collard.be\/index.php\/wp-json\/wp\/v2\/types\/page"}],"author":[{"embeddable":true,"href":"https:\/\/www.stab-collard.be\/index.php\/wp-json\/wp\/v2\/users\/2"}],"replies":[{"embeddable":true,"href":"https:\/\/www.stab-collard.be\/index.php\/wp-json\/wp\/v2\/comments?post=22"}],"version-history":[{"count":3,"href":"https:\/\/www.stab-collard.be\/index.php\/wp-json\/wp\/v2\/pages\/22\/revisions"}],"predecessor-version":[{"id":132,"href":"https:\/\/www.stab-collard.be\/index.php\/wp-json\/wp\/v2\/pages\/22\/revisions\/132"}],"wp:attachment":[{"href":"https:\/\/www.stab-collard.be\/index.php\/wp-json\/wp\/v2\/media?parent=22"}],"curies":[{"name":"wp","href":"https:\/\/api.w.org\/{rel}","templated":true}]}}