{"id":17,"date":"2025-08-30T16:31:10","date_gmt":"2025-08-30T14:31:10","guid":{"rendered":"https:\/\/www.stab-collard.be\/?page_id=17"},"modified":"2025-08-30T16:32:22","modified_gmt":"2025-08-30T14:32:22","slug":"contact","status":"publish","type":"page","link":"https:\/\/www.stab-collard.be\/index.php\/contact\/","title":{"rendered":"Demande d&rsquo;offre"},"content":{"rendered":"\n<div class=\"wp-block-contact-form-7-contact-form-selector\">\n<div class=\"wpcf7 no-js\" id=\"wpcf7-f16-o1\" lang=\"fr-FR\" dir=\"ltr\" data-wpcf7-id=\"16\">\n<div class=\"screen-reader-response\"><p role=\"status\" aria-live=\"polite\" aria-atomic=\"true\"><\/p> <ul><\/ul><\/div>\n<form action=\"\/index.php\/wp-json\/wp\/v2\/pages\/17#wpcf7-f16-o1\" method=\"post\" class=\"wpcf7-form init\" aria-label=\"Formulaire de contact\" novalidate=\"novalidate\" data-status=\"init\">\n<fieldset class=\"hidden-fields-container\"><input type=\"hidden\" name=\"_wpcf7\" value=\"16\" \/><input type=\"hidden\" name=\"_wpcf7_version\" value=\"6.1.5\" \/><input type=\"hidden\" name=\"_wpcf7_locale\" value=\"fr_FR\" \/><input type=\"hidden\" name=\"_wpcf7_unit_tag\" value=\"wpcf7-f16-o1\" \/><input type=\"hidden\" name=\"_wpcf7_container_post\" value=\"0\" \/><input type=\"hidden\" name=\"_wpcf7_posted_data_hash\" value=\"\" \/>\n<\/fieldset>\n<p><label> Nom et pr\u00e9nom<br \/>\n<span class=\"wpcf7-form-control-wrap\" data-name=\"your-name\"><input size=\"40\" maxlength=\"400\" class=\"wpcf7-form-control wpcf7-text wpcf7-validates-as-required\" autocomplete=\"name\" aria-required=\"true\" aria-invalid=\"false\" value=\"\" type=\"text\" name=\"your-name\" \/><\/span> <\/label>\n<\/p>\n<p><label> E-mail<br \/>\n<span class=\"wpcf7-form-control-wrap\" data-name=\"your-email\"><input size=\"40\" maxlength=\"400\" class=\"wpcf7-form-control wpcf7-email wpcf7-validates-as-required wpcf7-text wpcf7-validates-as-email\" autocomplete=\"email\" aria-required=\"true\" aria-invalid=\"false\" value=\"\" type=\"email\" name=\"your-email\" \/><\/span> <\/label>\n<\/p>\n<p><label> T\u00e9l. \/ GSM<br \/>\n<span class=\"wpcf7-form-control-wrap\" data-name=\"tel-306\"><input size=\"40\" maxlength=\"400\" class=\"wpcf7-form-control wpcf7-tel wpcf7-text wpcf7-validates-as-tel\" aria-invalid=\"false\" value=\"\" type=\"tel\" name=\"tel-306\" \/><\/span> <\/label>\n<\/p>\n<p><label> Adresse du b\u00e2timent concern\u00e9<br \/>\n<span class=\"wpcf7-form-control-wrap\" data-name=\"batimentconcerne\"><textarea cols=\"40\" rows=\"10\" maxlength=\"2000\" class=\"wpcf7-form-control wpcf7-textarea wpcf7-validates-as-required\" aria-required=\"true\" aria-invalid=\"false\" name=\"batimentconcerne\"><\/textarea><\/span> <\/label>\n<\/p>\n<p><label> Votre adresse (si diff\u00e9rente)<br \/>\n<span class=\"wpcf7-form-control-wrap\" data-name=\"adresse\"><textarea cols=\"40\" rows=\"10\" maxlength=\"2000\" class=\"wpcf7-form-control wpcf7-textarea\" aria-invalid=\"false\" name=\"adresse\"><\/textarea><\/span> <\/label>\n<\/p>\n<p><label> Quelle est votre demande<br \/>\n<span class=\"wpcf7-form-control-wrap\" data-name=\"demande\"><textarea cols=\"40\" rows=\"10\" maxlength=\"2000\" class=\"wpcf7-form-control wpcf7-textarea\" aria-invalid=\"false\" name=\"demande\"><\/textarea><\/span> <\/label>\n<\/p>\n<p><span class=\"wpcf7-form-control-wrap\" data-name=\"fichiers\"><input size=\"40\" class=\"wpcf7-form-control wpcf7-drag-n-drop-file d-none\" aria-invalid=\"false\" type=\"file\" multiple=\"multiple\" data-name=\"fichiers\" data-type=\"jpeg|png|pdf\" data-id=\"16\" data-version=\"free version 1.3.9.6\" accept=\".jpeg, .png, .pdf\" \/><\/span>\n<\/p>\n<p><input class=\"wpcf7-form-control wpcf7-submit has-spinner\" type=\"submit\" value=\"Envoyer sans engagement de ma part\" \/>\n<\/p><div class=\"wpcf7-response-output\" aria-hidden=\"true\"><\/div>\n<\/form>\n<\/div>\n<\/div>\n","protected":false},"excerpt":{"rendered":"","protected":false},"author":2,"featured_media":0,"parent":0,"menu_order":0,"comment_status":"closed","ping_status":"closed","template":"","meta":{"footnotes":""},"class_list":["post-17","page","type-page","status-publish","hentry"],"yoast_head":"<!-- This site is optimized with the Yoast SEO plugin v27.4 - https:\/\/yoast.com\/product\/yoast-seo-wordpress\/ -->\n<title>Demande d&#039;offre - Bureau d&#039;Etudes en Stabilit\u00e9 et Techniques SA<\/title>\n<meta name=\"robots\" content=\"index, follow, max-snippet:-1, max-image-preview:large, max-video-preview:-1\" \/>\n<link rel=\"canonical\" href=\"https:\/\/www.stab-collard.be\/index.php\/contact\/\" \/>\n<meta property=\"og:locale\" content=\"fr_FR\" \/>\n<meta property=\"og:type\" content=\"article\" \/>\n<meta property=\"og:title\" content=\"Demande d&#039;offre - Bureau d&#039;Etudes en Stabilit\u00e9 et Techniques SA\" \/>\n<meta property=\"og:url\" content=\"https:\/\/www.stab-collard.be\/index.php\/contact\/\" \/>\n<meta property=\"og:site_name\" content=\"Bureau d&#039;Etudes en Stabilit\u00e9 et Techniques SA\" \/>\n<meta property=\"article:modified_time\" content=\"2025-08-30T14:32:22+00:00\" \/>\n<meta name=\"twitter:card\" content=\"summary_large_image\" \/>\n<script type=\"application\/ld+json\" class=\"yoast-schema-graph\">{\"@context\":\"https:\\\/\\\/schema.org\",\"@graph\":[{\"@type\":\"WebPage\",\"@id\":\"https:\\\/\\\/www.stab-collard.be\\\/index.php\\\/contact\\\/\",\"url\":\"https:\\\/\\\/www.stab-collard.be\\\/index.php\\\/contact\\\/\",\"name\":\"Demande d'offre - Bureau d&#039;Etudes en Stabilit\u00e9 et Techniques SA\",\"isPartOf\":{\"@id\":\"https:\\\/\\\/www.stab-collard.be\\\/#website\"},\"datePublished\":\"2025-08-30T14:31:10+00:00\",\"dateModified\":\"2025-08-30T14:32:22+00:00\",\"breadcrumb\":{\"@id\":\"https:\\\/\\\/www.stab-collard.be\\\/index.php\\\/contact\\\/#breadcrumb\"},\"inLanguage\":\"fr-FR\",\"potentialAction\":[{\"@type\":\"ReadAction\",\"target\":[\"https:\\\/\\\/www.stab-collard.be\\\/index.php\\\/contact\\\/\"]}]},{\"@type\":\"BreadcrumbList\",\"@id\":\"https:\\\/\\\/www.stab-collard.be\\\/index.php\\\/contact\\\/#breadcrumb\",\"itemListElement\":[{\"@type\":\"ListItem\",\"position\":1,\"name\":\"Accueil\",\"item\":\"https:\\\/\\\/www.stab-collard.be\\\/\"},{\"@type\":\"ListItem\",\"position\":2,\"name\":\"Demande d&rsquo;offre\"}]},{\"@type\":\"WebSite\",\"@id\":\"https:\\\/\\\/www.stab-collard.be\\\/#website\",\"url\":\"https:\\\/\\\/www.stab-collard.be\\\/\",\"name\":\"Bureau d&#039;Etudes en Stabilit\u00e9 et Techniques SA\",\"description\":\"Fran\u00e7ois Collard - Ing\u00e9nieur Civil\",\"publisher\":{\"@id\":\"https:\\\/\\\/www.stab-collard.be\\\/#organization\"},\"potentialAction\":[{\"@type\":\"SearchAction\",\"target\":{\"@type\":\"EntryPoint\",\"urlTemplate\":\"https:\\\/\\\/www.stab-collard.be\\\/?s={search_term_string}\"},\"query-input\":{\"@type\":\"PropertyValueSpecification\",\"valueRequired\":true,\"valueName\":\"search_term_string\"}}],\"inLanguage\":\"fr-FR\"},{\"@type\":\"Organization\",\"@id\":\"https:\\\/\\\/www.stab-collard.be\\\/#organization\",\"name\":\"Bureau d&#039;Etudes en Stabilit\u00e9 et Techniques SA\",\"url\":\"https:\\\/\\\/www.stab-collard.be\\\/\",\"logo\":{\"@type\":\"ImageObject\",\"inLanguage\":\"fr-FR\",\"@id\":\"https:\\\/\\\/www.stab-collard.be\\\/#\\\/schema\\\/logo\\\/image\\\/\",\"url\":\"https:\\\/\\\/www.stab-collard.be\\\/wp-content\\\/uploads\\\/2025\\\/10\\\/cropped-bureaustlogoblanc.png\",\"contentUrl\":\"https:\\\/\\\/www.stab-collard.be\\\/wp-content\\\/uploads\\\/2025\\\/10\\\/cropped-bureaustlogoblanc.png\",\"width\":512,\"height\":512,\"caption\":\"Bureau d&#039;Etudes en Stabilit\u00e9 et Techniques SA\"},\"image\":{\"@id\":\"https:\\\/\\\/www.stab-collard.be\\\/#\\\/schema\\\/logo\\\/image\\\/\"}}]}<\/script>\n<!-- \/ Yoast SEO plugin. -->","yoast_head_json":{"title":"Demande d'offre - Bureau d&#039;Etudes en Stabilit\u00e9 et Techniques SA","robots":{"index":"index","follow":"follow","max-snippet":"max-snippet:-1","max-image-preview":"max-image-preview:large","max-video-preview":"max-video-preview:-1"},"canonical":"https:\/\/www.stab-collard.be\/index.php\/contact\/","og_locale":"fr_FR","og_type":"article","og_title":"Demande d'offre - Bureau d&#039;Etudes en Stabilit\u00e9 et Techniques SA","og_url":"https:\/\/www.stab-collard.be\/index.php\/contact\/","og_site_name":"Bureau d&#039;Etudes en Stabilit\u00e9 et Techniques SA","article_modified_time":"2025-08-30T14:32:22+00:00","twitter_card":"summary_large_image","schema":{"@context":"https:\/\/schema.org","@graph":[{"@type":"WebPage","@id":"https:\/\/www.stab-collard.be\/index.php\/contact\/","url":"https:\/\/www.stab-collard.be\/index.php\/contact\/","name":"Demande d'offre - Bureau d&#039;Etudes en Stabilit\u00e9 et Techniques SA","isPartOf":{"@id":"https:\/\/www.stab-collard.be\/#website"},"datePublished":"2025-08-30T14:31:10+00:00","dateModified":"2025-08-30T14:32:22+00:00","breadcrumb":{"@id":"https:\/\/www.stab-collard.be\/index.php\/contact\/#breadcrumb"},"inLanguage":"fr-FR","potentialAction":[{"@type":"ReadAction","target":["https:\/\/www.stab-collard.be\/index.php\/contact\/"]}]},{"@type":"BreadcrumbList","@id":"https:\/\/www.stab-collard.be\/index.php\/contact\/#breadcrumb","itemListElement":[{"@type":"ListItem","position":1,"name":"Accueil","item":"https:\/\/www.stab-collard.be\/"},{"@type":"ListItem","position":2,"name":"Demande d&rsquo;offre"}]},{"@type":"WebSite","@id":"https:\/\/www.stab-collard.be\/#website","url":"https:\/\/www.stab-collard.be\/","name":"Bureau d&#039;Etudes en Stabilit\u00e9 et Techniques SA","description":"Fran\u00e7ois Collard - Ing\u00e9nieur Civil","publisher":{"@id":"https:\/\/www.stab-collard.be\/#organization"},"potentialAction":[{"@type":"SearchAction","target":{"@type":"EntryPoint","urlTemplate":"https:\/\/www.stab-collard.be\/?s={search_term_string}"},"query-input":{"@type":"PropertyValueSpecification","valueRequired":true,"valueName":"search_term_string"}}],"inLanguage":"fr-FR"},{"@type":"Organization","@id":"https:\/\/www.stab-collard.be\/#organization","name":"Bureau d&#039;Etudes en Stabilit\u00e9 et Techniques SA","url":"https:\/\/www.stab-collard.be\/","logo":{"@type":"ImageObject","inLanguage":"fr-FR","@id":"https:\/\/www.stab-collard.be\/#\/schema\/logo\/image\/","url":"https:\/\/www.stab-collard.be\/wp-content\/uploads\/2025\/10\/cropped-bureaustlogoblanc.png","contentUrl":"https:\/\/www.stab-collard.be\/wp-content\/uploads\/2025\/10\/cropped-bureaustlogoblanc.png","width":512,"height":512,"caption":"Bureau d&#039;Etudes en Stabilit\u00e9 et Techniques SA"},"image":{"@id":"https:\/\/www.stab-collard.be\/#\/schema\/logo\/image\/"}}]}},"_links":{"self":[{"href":"https:\/\/www.stab-collard.be\/index.php\/wp-json\/wp\/v2\/pages\/17","targetHints":{"allow":["GET"]}}],"collection":[{"href":"https:\/\/www.stab-collard.be\/index.php\/wp-json\/wp\/v2\/pages"}],"about":[{"href":"https:\/\/www.stab-collard.be\/index.php\/wp-json\/wp\/v2\/types\/page"}],"author":[{"embeddable":true,"href":"https:\/\/www.stab-collard.be\/index.php\/wp-json\/wp\/v2\/users\/2"}],"replies":[{"embeddable":true,"href":"https:\/\/www.stab-collard.be\/index.php\/wp-json\/wp\/v2\/comments?post=17"}],"version-history":[{"count":2,"href":"https:\/\/www.stab-collard.be\/index.php\/wp-json\/wp\/v2\/pages\/17\/revisions"}],"predecessor-version":[{"id":19,"href":"https:\/\/www.stab-collard.be\/index.php\/wp-json\/wp\/v2\/pages\/17\/revisions\/19"}],"wp:attachment":[{"href":"https:\/\/www.stab-collard.be\/index.php\/wp-json\/wp\/v2\/media?parent=17"}],"curies":[{"name":"wp","href":"https:\/\/api.w.org\/{rel}","templated":true}]}}